{"id":26780,"date":"2022-02-04T07:54:42","date_gmt":"2022-02-04T07:54:42","guid":{"rendered":"https:\/\/barahonda.com\/politica-de-empresa\/"},"modified":"2024-12-09T17:43:09","modified_gmt":"2024-12-09T16:43:09","slug":"company-policy","status":"publish","type":"page","link":"https:\/\/barahonda.com\/en\/company-policy\/","title":{"rendered":"QUALITY, FOOD SAFETY, ETHICS AND ENVIRONMENT POLICY"},"content":{"rendered":"\t\t<div data-elementor-type=\"wp-page\" data-elementor-id=\"26780\" class=\"elementor elementor-26780 elementor-132\" data-elementor-post-type=\"page\">\n\t\t\t\t\t\t<section class=\"elementor-section elementor-top-section elementor-element elementor-element-51709b7b elementor-section-boxed elementor-section-height-default elementor-section-height-default\" data-id=\"51709b7b\" data-element_type=\"section\" data-e-type=\"section\">\n\t\t\t\t\t\t<div class=\"elementor-container elementor-column-gap-default\">\n\t\t\t\t\t<div class=\"elementor-column elementor-col-100 elementor-top-column elementor-element elementor-element-7afe436b\" data-id=\"7afe436b\" data-element_type=\"column\" data-e-type=\"column\">\n\t\t\t<div class=\"elementor-widget-wrap elementor-element-populated\">\n\t\t\t\t\t\t<div class=\"elementor-element elementor-element-5fa871f6 elementor-widget elementor-widget-spacer\" data-id=\"5fa871f6\" data-element_type=\"widget\" data-e-type=\"widget\" data-widget_type=\"spacer.default\">\n\t\t\t\t<div class=\"elementor-widget-container\">\n\t\t\t\t\t\t\t<div class=\"elementor-spacer\">\n\t\t\t<div class=\"elementor-spacer-inner\"><\/div>\n\t\t<\/div>\n\t\t\t\t\t\t<\/div>\n\t\t\t\t<\/div>\n\t\t\t\t<div class=\"elementor-element elementor-element-25d14ec3 elementor-widget elementor-widget-heading\" data-id=\"25d14ec3\" data-element_type=\"widget\" data-e-type=\"widget\" data-widget_type=\"heading.default\">\n\t\t\t\t<div class=\"elementor-widget-container\">\n\t\t\t\t\t<h1 class=\"elementor-heading-title elementor-size-default\">QUALITY, FOOD SAFETY, ETHICS AND ENVIRONMENT POLICY<\/h1>\t\t\t\t<\/div>\n\t\t\t\t<\/div>\n\t\t\t\t<div class=\"elementor-element elementor-element-7ed417ef elementor-widget elementor-widget-spacer\" data-id=\"7ed417ef\" data-element_type=\"widget\" data-e-type=\"widget\" data-widget_type=\"spacer.default\">\n\t\t\t\t<div class=\"elementor-widget-container\">\n\t\t\t\t\t\t\t<div class=\"elementor-spacer\">\n\t\t\t<div class=\"elementor-spacer-inner\"><\/div>\n\t\t<\/div>\n\t\t\t\t\t\t<\/div>\n\t\t\t\t<\/div>\n\t\t\t\t<div class=\"elementor-element elementor-element-101c56e5 elementor-widget elementor-widget-text-editor\" data-id=\"101c56e5\" data-element_type=\"widget\" data-e-type=\"widget\" data-widget_type=\"text-editor.default\">\n\t\t\t\t<div class=\"elementor-widget-container\">\n\t\t\t\t\t\t\t\t\t<p>\u201cSe\u00f1or\u00edo de Barahonda S.L. is a winery dedicated to the production and commercialization of red, white and ros\u00e9 wines with the Yecla denomination of origin, both for the national market and for export.<\/p><p>Within a traditional wine-growing area such as Yecla in Murcia, where the continental climate with Mediterranean influence and scarce rainfall, together with limestone and permeable soils, generate an ideal condition for the cultivation of the vine, which together with our advanced production and aging techniques and a careful control of the grapes from their plot of production, is what has generated that our wines have an excellent quality and acceptance in the market.<\/p><p>The family tradition of the company, with origins in 1925 through the Candela family, has led us to apply an artisan spirit to our wines and that, with the application of technologically advanced systems for the control of our processes and through an integrated management of quality and the environment, leads us to put on the market excellent wines for the consumer.<\/p><p>At Barahonda we are committed to protecting the environment so that our activity is carried out within the framework of sustainable development, including the prevention of pollution and other specific commitments relevant to the context of the organization, as well as the rational use of the resources we use. This will allow us to actively participate in the conservation of the natural wealth of the protected environment in which we operate so that the satisfaction of its society goes hand in hand with responsible behavior; all this always within the framework of a commitment and compliance with the applicable legal requirements and others that we subscribe to, the continuous improvement of the environmental management system and the prevention and minimization of environmental impacts where we can influence for the improvement of environmental performance.<\/p><p>For our positioning in the market we have assumed the following commitments:<\/p><p>\u00a0<\/p><ul><li>Manufacture of safe and authentic products that meet the quality requirements of customers, legislation, and regulations applicable both in quality levels and related to environmental aspects.<\/li><li>Provide the customer with products of excellent quality with brand image, and a service according to their expectations which will lead us to achieve their satisfaction and loyalty.<\/li><li>Comply with the requirements of all external stakeholders, legal and regulatory, such as those of our clients, the Regulatory Council of D.O. Yecla or others that we subscribe.<\/li><li>Apply in a continuous and sustainable way an integrated quality and environmental management system, with the permanent objective of continuous improvement of the efficiency of the system, through controls and innovations in the processes of selection in plot, elaboration and aging, the use of cutting-edge technologies and resorting to the professionalism of our staff.<\/li><\/ul><ul><li>Maintain a safe and clean work environment minimizing the risks of incidents and favoring internal communication at all levels.<\/li><\/ul><ul><li>Participate in the protection of the environment minimizing significant adverse environmental impacts in our activities, processes and products, through prevention, continuous improvement and the establishment and review of environmental objectives and goals in our organizational system.<\/li><li>Commitment and leadership of management in the culture of food safety at all levels of the organization to make reality and reflect the ethical quality and environmental policy of the company.<\/li><\/ul><p>\u00a0<\/p><p>Barahonda, in short, has an ethical company policy to achieve the objectives of conduct that are governed in the company. These guidelines are based on the following principles:<\/p><ul><li><strong>Respect<\/strong>: in Barahonda unwanted or annoying behaviors that incite intimidation, harassment and \/ or abuse by any employee or external personnel will not be tolerated. Discrimination based on gender, race, ethnicity, religion, political affiliation, marital status is prohibited\u2026 In addition to complying with the established requirements, Barahonda is committed to respecting internationally recognized Human Rights.<\/li><li><strong>Cooperation and teamwork:<\/strong>\u00a0Barahonda values the unique contribution that each person makes to create an inclusive and diverse work environment in which we all have the opportunity to carry out our work in the best possible way, fulfilling the responsibilities of their job in accordance with the principles of loyalty to the company, Good faith, integrity and respect for legality and ethical criteria.<\/li><li><strong>Capacity for action:<\/strong>\u00a0each of Barahonda\u2019s employees and external personnel must assume the responsibility to act with integrity and comply with their respective responsibilities: to act in a professional, safe and ethical manner in accordance with the standards and to know and comply with the provisions of the applicable regulations. In addition, those employees with the mission of managing teams of people must look after the people under their responsibility, lead by example and support the personnel when they have doubts or transmit concerns, always offering them a comfortable working environment. It should be noted that Barahonda has zero tolerance for any conduct that is considered bribery or corrupt practices. Therefore, no one may accept or give any bribe, gift or reward as retribution for acts related to their work in the company.<\/li><li><strong>Health and Safety:<\/strong>\u00a0Barahonda is committed to providing a safe and healthy work environment for employees and external personnel who visit or work at our facilities. To achieve this, Barahonda incorporates safety and health in all activities and undertakes to: always use the required safety equipment and not handle them, as well as inform and train staff on health and safety measures; not to work or visit facilities when they are disabled as a result of alcohol, drugs (including prescription or over-the-counter medication) or lack of sleep\u2026 and ensure that risks are assessed and appropriate measures are taken in advance to avoid them.<\/li><\/ul><p>\u00a0<\/p><p>\u00a0<\/p><p>\u00a0<\/p><p>Se\u00f1or\u00edo de Barahonda S.L., through its Management, undertakes to provide sufficient support and resources for compliance with this policy, within the framework of a sustainable improvement appropriate to the technical, legal and social changes that may occur.\u201d<\/p><p>\u00a0Yecla, on May 27, 2024<\/p>\t\t\t\t\t\t\t\t<\/div>\n\t\t\t\t<\/div>\n\t\t\t\t<div class=\"elementor-element elementor-element-3a45f6b4 elementor-widget elementor-widget-spacer\" data-id=\"3a45f6b4\" data-element_type=\"widget\" data-e-type=\"widget\" data-widget_type=\"spacer.default\">\n\t\t\t\t<div class=\"elementor-widget-container\">\n\t\t\t\t\t\t\t<div class=\"elementor-spacer\">\n\t\t\t<div class=\"elementor-spacer-inner\"><\/div>\n\t\t<\/div>\n\t\t\t\t\t\t<\/div>\n\t\t\t\t<\/div>\n\t\t\t\t\t<\/div>\n\t\t<\/div>\n\t\t\t\t\t<\/div>\n\t\t<\/section>\n\t\t\t\t<\/div>\n\t\t","protected":false},"excerpt":{"rendered":"<p>\u201cSe\u00f1or\u00edo de Barahonda S.L. is a winery dedicated to the production and commercialization of red, white and ros\u00e9 wines with the Yecla denomination of origin, both for the national market and for export. Within a traditional wine-growing area such as Yecla in Murcia, where the continental climate with Mediterranean influence and scarce rainfall, together with &#8230; <a title=\"QUALITY, FOOD SAFETY, ETHICS AND ENVIRONMENT POLICY\" class=\"read-more\" href=\"https:\/\/barahonda.com\/en\/company-policy\/\" aria-label=\"More on QUALITY, FOOD SAFETY, ETHICS AND ENVIRONMENT POLICY\">Read more<\/a><\/p>\n","protected":false},"author":1,"featured_media":0,"parent":0,"menu_order":0,"comment_status":"closed","ping_status":"closed","template":"elementor_header_footer","meta":{"footnotes":""},"class_list":["post-26780","page","type-page","status-publish"],"yoast_head":"<!-- This site is optimized with the Yoast SEO plugin v27.0 - https:\/\/yoast.com\/product\/yoast-seo-wordpress\/ -->\n<title>QUALITY, FOOD SAFETY, ETHICS AND ENVIRONMENT POLICY &#8212; Barahonda<\/title>\n<meta name=\"description\" content=\"Bodegas Barahonda: integrated policy on quality, food safety, ethics, and the environment.\" \/>\n<meta name=\"robots\" content=\"index, follow, max-snippet:-1, max-image-preview:large, max-video-preview:-1\" \/>\n<link rel=\"canonical\" href=\"https:\/\/barahonda.com\/politica-de-empresa\/\" \/>\n<meta property=\"og:locale\" content=\"en_US\" \/>\n<meta property=\"og:type\" content=\"article\" \/>\n<meta property=\"og:title\" content=\"QUALITY, FOOD SAFETY, ETHICS AND ENVIRONMENT POLICY &#8212; Barahonda\" \/>\n<meta property=\"og:description\" content=\"Bodegas Barahonda: integrated policy on quality, food safety, ethics, and the environment.\" \/>\n<meta property=\"og:url\" content=\"https:\/\/barahonda.com\/politica-de-empresa\/\" \/>\n<meta property=\"og:site_name\" content=\"Barahonda\" \/>\n<meta property=\"article:publisher\" content=\"https:\/\/www.facebook.com\/barahonda\/\" \/>\n<meta property=\"article:modified_time\" content=\"2024-12-09T16:43:09+00:00\" \/>\n<meta property=\"og:image\" content=\"https:\/\/barahonda.com\/wp-content\/uploads\/2025\/03\/familia-barahonda-centenario.jpg\" \/>\n\t<meta property=\"og:image:width\" content=\"1920\" \/>\n\t<meta property=\"og:image:height\" content=\"1200\" \/>\n\t<meta property=\"og:image:type\" content=\"image\/jpeg\" \/>\n<meta name=\"twitter:card\" content=\"summary_large_image\" \/>\n<meta name=\"twitter:site\" content=\"@barahondayecla\" \/>\n<meta name=\"twitter:label1\" content=\"Est. reading time\" \/>\n\t<meta name=\"twitter:data1\" content=\"5 minutes\" \/>\n<script type=\"application\/ld+json\" class=\"yoast-schema-graph\">{\"@context\":\"https:\/\/schema.org\",\"@graph\":[{\"@type\":\"WebPage\",\"@id\":\"https:\/\/barahonda.com\/politica-de-empresa\/\",\"url\":\"https:\/\/barahonda.com\/politica-de-empresa\/\",\"name\":\"QUALITY, FOOD SAFETY, ETHICS AND ENVIRONMENT POLICY &#8212; Barahonda\",\"isPartOf\":{\"@id\":\"https:\/\/barahonda.com\/#website\"},\"datePublished\":\"2022-02-04T07:54:42+00:00\",\"dateModified\":\"2024-12-09T16:43:09+00:00\",\"description\":\"Bodegas Barahonda: integrated policy on quality, food safety, ethics, and the environment.\",\"breadcrumb\":{\"@id\":\"https:\/\/barahonda.com\/politica-de-empresa\/#breadcrumb\"},\"inLanguage\":\"en-US\",\"potentialAction\":[{\"@type\":\"ReadAction\",\"target\":[\"https:\/\/barahonda.com\/politica-de-empresa\/\"]}]},{\"@type\":\"BreadcrumbList\",\"@id\":\"https:\/\/barahonda.com\/politica-de-empresa\/#breadcrumb\",\"itemListElement\":[{\"@type\":\"ListItem\",\"position\":1,\"name\":\"Portada\",\"item\":\"https:\/\/barahonda.com\/\"},{\"@type\":\"ListItem\",\"position\":2,\"name\":\"QUALITY, FOOD SAFETY, ETHICS AND ENVIRONMENT POLICY\"}]},{\"@type\":\"WebSite\",\"@id\":\"https:\/\/barahonda.com\/#website\",\"url\":\"https:\/\/barahonda.com\/\",\"name\":\"Barahonda\",\"description\":\"Bodegas Barahonda elaboraci\u00f3n de vinos en Yecla\",\"publisher\":{\"@id\":\"https:\/\/barahonda.com\/#organization\"},\"alternateName\":\"Barahonda\",\"potentialAction\":[{\"@type\":\"SearchAction\",\"target\":{\"@type\":\"EntryPoint\",\"urlTemplate\":\"https:\/\/barahonda.com\/?s={search_term_string}\"},\"query-input\":{\"@type\":\"PropertyValueSpecification\",\"valueRequired\":true,\"valueName\":\"search_term_string\"}}],\"inLanguage\":\"en-US\"},{\"@type\":\"Organization\",\"@id\":\"https:\/\/barahonda.com\/#organization\",\"name\":\"Se\u00f1or\u00edo de Barahonda\",\"alternateName\":\"Barahonda\",\"url\":\"https:\/\/barahonda.com\/\",\"logo\":{\"@type\":\"ImageObject\",\"inLanguage\":\"en-US\",\"@id\":\"https:\/\/barahonda.com\/#\/schema\/logo\/image\/\",\"url\":\"https:\/\/barahonda.com\/wp-content\/uploads\/2021\/07\/logo-barahonda.svg\",\"contentUrl\":\"https:\/\/barahonda.com\/wp-content\/uploads\/2021\/07\/logo-barahonda.svg\",\"width\":216,\"height\":138,\"caption\":\"Se\u00f1or\u00edo de Barahonda\"},\"image\":{\"@id\":\"https:\/\/barahonda.com\/#\/schema\/logo\/image\/\"},\"sameAs\":[\"https:\/\/www.facebook.com\/barahonda\/\",\"https:\/\/x.com\/barahondayecla\",\"https:\/\/www.instagram.com\/barahonda_es\/\",\"https:\/\/open.spotify.com\/user\/barahonda\",\"https:\/\/www.tripadvisor.es\/Restaurant_Review-g1047900-d1748479-Reviews-Barahonda-Yecla.html\",\"https:\/\/www.linkedin.com\/company\/barahonda\/\",\"https:\/\/www.youtube.com\/user\/bodegasbarahonda\"]}]}<\/script>\n<!-- \/ Yoast SEO plugin. -->","yoast_head_json":{"title":"QUALITY, FOOD SAFETY, ETHICS AND ENVIRONMENT POLICY &#8212; Barahonda","description":"Bodegas Barahonda: integrated policy on quality, food safety, ethics, and the environment.","robots":{"index":"index","follow":"follow","max-snippet":"max-snippet:-1","max-image-preview":"max-image-preview:large","max-video-preview":"max-video-preview:-1"},"canonical":"https:\/\/barahonda.com\/politica-de-empresa\/","og_locale":"en_US","og_type":"article","og_title":"QUALITY, FOOD SAFETY, ETHICS AND ENVIRONMENT POLICY &#8212; Barahonda","og_description":"Bodegas Barahonda: integrated policy on quality, food safety, ethics, and the environment.","og_url":"https:\/\/barahonda.com\/politica-de-empresa\/","og_site_name":"Barahonda","article_publisher":"https:\/\/www.facebook.com\/barahonda\/","article_modified_time":"2024-12-09T16:43:09+00:00","og_image":[{"width":1920,"height":1200,"url":"https:\/\/barahonda.com\/wp-content\/uploads\/2025\/03\/familia-barahonda-centenario.jpg","type":"image\/jpeg"}],"twitter_card":"summary_large_image","twitter_site":"@barahondayecla","twitter_misc":{"Est. reading time":"5 minutes"},"schema":{"@context":"https:\/\/schema.org","@graph":[{"@type":"WebPage","@id":"https:\/\/barahonda.com\/politica-de-empresa\/","url":"https:\/\/barahonda.com\/politica-de-empresa\/","name":"QUALITY, FOOD SAFETY, ETHICS AND ENVIRONMENT POLICY &#8212; Barahonda","isPartOf":{"@id":"https:\/\/barahonda.com\/#website"},"datePublished":"2022-02-04T07:54:42+00:00","dateModified":"2024-12-09T16:43:09+00:00","description":"Bodegas Barahonda: integrated policy on quality, food safety, ethics, and the environment.","breadcrumb":{"@id":"https:\/\/barahonda.com\/politica-de-empresa\/#breadcrumb"},"inLanguage":"en-US","potentialAction":[{"@type":"ReadAction","target":["https:\/\/barahonda.com\/politica-de-empresa\/"]}]},{"@type":"BreadcrumbList","@id":"https:\/\/barahonda.com\/politica-de-empresa\/#breadcrumb","itemListElement":[{"@type":"ListItem","position":1,"name":"Portada","item":"https:\/\/barahonda.com\/"},{"@type":"ListItem","position":2,"name":"QUALITY, FOOD SAFETY, ETHICS AND ENVIRONMENT POLICY"}]},{"@type":"WebSite","@id":"https:\/\/barahonda.com\/#website","url":"https:\/\/barahonda.com\/","name":"Barahonda","description":"Bodegas Barahonda elaboraci\u00f3n de vinos en Yecla","publisher":{"@id":"https:\/\/barahonda.com\/#organization"},"alternateName":"Barahonda","potentialAction":[{"@type":"SearchAction","target":{"@type":"EntryPoint","urlTemplate":"https:\/\/barahonda.com\/?s={search_term_string}"},"query-input":{"@type":"PropertyValueSpecification","valueRequired":true,"valueName":"search_term_string"}}],"inLanguage":"en-US"},{"@type":"Organization","@id":"https:\/\/barahonda.com\/#organization","name":"Se\u00f1or\u00edo de Barahonda","alternateName":"Barahonda","url":"https:\/\/barahonda.com\/","logo":{"@type":"ImageObject","inLanguage":"en-US","@id":"https:\/\/barahonda.com\/#\/schema\/logo\/image\/","url":"https:\/\/barahonda.com\/wp-content\/uploads\/2021\/07\/logo-barahonda.svg","contentUrl":"https:\/\/barahonda.com\/wp-content\/uploads\/2021\/07\/logo-barahonda.svg","width":216,"height":138,"caption":"Se\u00f1or\u00edo de Barahonda"},"image":{"@id":"https:\/\/barahonda.com\/#\/schema\/logo\/image\/"},"sameAs":["https:\/\/www.facebook.com\/barahonda\/","https:\/\/x.com\/barahondayecla","https:\/\/www.instagram.com\/barahonda_es\/","https:\/\/open.spotify.com\/user\/barahonda","https:\/\/www.tripadvisor.es\/Restaurant_Review-g1047900-d1748479-Reviews-Barahonda-Yecla.html","https:\/\/www.linkedin.com\/company\/barahonda\/","https:\/\/www.youtube.com\/user\/bodegasbarahonda"]}]}},"_links":{"self":[{"href":"https:\/\/barahonda.com\/en\/wp-json\/wp\/v2\/pages\/26780","targetHints":{"allow":["GET"]}}],"collection":[{"href":"https:\/\/barahonda.com\/en\/wp-json\/wp\/v2\/pages"}],"about":[{"href":"https:\/\/barahonda.com\/en\/wp-json\/wp\/v2\/types\/page"}],"author":[{"embeddable":true,"href":"https:\/\/barahonda.com\/en\/wp-json\/wp\/v2\/users\/1"}],"replies":[{"embeddable":true,"href":"https:\/\/barahonda.com\/en\/wp-json\/wp\/v2\/comments?post=26780"}],"version-history":[{"count":11,"href":"https:\/\/barahonda.com\/en\/wp-json\/wp\/v2\/pages\/26780\/revisions"}],"predecessor-version":[{"id":31338,"href":"https:\/\/barahonda.com\/en\/wp-json\/wp\/v2\/pages\/26780\/revisions\/31338"}],"wp:attachment":[{"href":"https:\/\/barahonda.com\/en\/wp-json\/wp\/v2\/media?parent=26780"}],"curies":[{"name":"wp","href":"https:\/\/api.w.org\/{rel}","templated":true}]}}