{"id":32447,"date":"2025-05-26T13:55:44","date_gmt":"2025-05-26T11:55:44","guid":{"rendered":"https:\/\/barahonda.com\/centenary-barahonda\/galeria-centenario\/"},"modified":"2025-05-26T14:00:32","modified_gmt":"2025-05-26T12:00:32","slug":"galeria-centenario","status":"publish","type":"page","link":"https:\/\/barahonda.com\/en\/centenary-barahonda\/galeria-centenario\/","title":{"rendered":"Galer\u00eda Centenario"},"content":{"rendered":"\t\t<div data-elementor-type=\"wp-page\" data-elementor-id=\"32447\" class=\"elementor elementor-32447 elementor-32437\" data-elementor-post-type=\"page\">\n\t\t\t\t\t\t<section class=\"elementor-section elementor-top-section elementor-element elementor-element-99d1044 elementor-section-full_width elementor-section-height-default elementor-section-height-default\" data-id=\"99d1044\" data-element_type=\"section\" data-e-type=\"section\">\n\t\t\t\t\t\t<div class=\"elementor-container elementor-column-gap-default\">\n\t\t\t\t\t<div class=\"elementor-column elementor-col-100 elementor-top-column elementor-element elementor-element-2e5cda0\" data-id=\"2e5cda0\" data-element_type=\"column\" data-e-type=\"column\">\n\t\t\t<div class=\"elementor-widget-wrap elementor-element-populated\">\n\t\t\t\t\t\t<div class=\"elementor-element elementor-element-f1ed52f elementor-widget elementor-widget-html\" data-id=\"f1ed52f\" data-element_type=\"widget\" data-e-type=\"widget\" data-widget_type=\"html.default\">\n\t\t\t\t<div class=\"elementor-widget-container\">\n\t\t\t\t\t<script> const searchread_68344e4fd5a6960f64481ea6 = `BARAHONDA 100 A\u00d1OS\n21 Mayo 2025\nBonita tarde entre an\u00e9cdotas de una historia centenaria, en la que mi objetivo captur\u00f3 cada instante de magia: desde el abrazo emocionado de Antonio y Alfredo Candela junto a sus familiares, hasta el deslumbrante contraste de la experiencia de realidad virtual que eleva al siglo XXI nuestra tradici\u00f3n vin\u00edcola.\n\n\nEn cada plano busqu\u00e9 el pulso \u00edntimo del evento\u2014la complicidad de la mirada de Susana Lluna al presentar, el reflejo de las copas al brindar, los empleados de la bodega, los amigos, las manos que alzan las copas en un gesto que une pasado, presente y futuro.\n\n\nAs\u00ed, quise contar con im\u00e1genes la emoci\u00f3n pura de un centenario que mira siempre hacia adelante.\nProveedores\nFot\u00f3grafo\nRAFA MOLINA FOT\u00d3GRAFO\n\nBodega\nBARAHONDA\n\n\nDirecci\u00f3n\nCarretera de Pinoso, Km 3, 30510 Yecla, Murcia\nVer galer\u00eda completa`;<\/script><template data-pt-type='blog' data-pt-slideshowid='68344e4fd5a6960f64481ea6' ><\/template><script src='https:\/\/rafamolinafotografia.pic-time.com\/-probarahonda2025\/slideswebcomponentembed.js\/68344e4fd5a6960f64481ea6?features=lightbox,pinterest&filtertags=' type='text\/javascript' data-pt-scriptslideshowid='68344e4fd5a6960f64481ea6'><\/script>\t\t\t\t<\/div>\n\t\t\t\t<\/div>\n\t\t\t\t\t<\/div>\n\t\t<\/div>\n\t\t\t\t\t<\/div>\n\t\t<\/section>\n\t\t\t\t<\/div>\n\t\t","protected":false},"excerpt":{"rendered":"","protected":false},"author":1,"featured_media":0,"parent":32111,"menu_order":0,"comment_status":"closed","ping_status":"closed","template":"elementor_header_footer","meta":{"footnotes":""},"class_list":["post-32447","page","type-page","status-publish"],"yoast_head":"<!-- This site is optimized with the Yoast SEO plugin v27.0 - https:\/\/yoast.com\/product\/yoast-seo-wordpress\/ -->\n<title>Galer\u00eda Centenario &#8212; Barahonda<\/title>\n<meta name=\"description\" content=\"We capture in images the pure emotion of a centenarian who always looks forward. Anecdotes, hugs, shared moments, toasts, and virtual reality experiences.\" \/>\n<meta name=\"robots\" content=\"index, follow, max-snippet:-1, max-image-preview:large, max-video-preview:-1\" \/>\n<link rel=\"canonical\" href=\"https:\/\/barahonda.com\/centenario-barahonda\/galeria-centenario\/\" \/>\n<meta property=\"og:locale\" content=\"en_US\" \/>\n<meta property=\"og:type\" content=\"article\" \/>\n<meta property=\"og:title\" content=\"Galer\u00eda Centenario &#8212; Barahonda\" \/>\n<meta property=\"og:description\" content=\"We capture in images the pure emotion of a centenarian who always looks forward. Anecdotes, hugs, shared moments, toasts, and virtual reality experiences.\" \/>\n<meta property=\"og:url\" content=\"https:\/\/barahonda.com\/centenario-barahonda\/galeria-centenario\/\" \/>\n<meta property=\"og:site_name\" content=\"Barahonda\" \/>\n<meta property=\"article:publisher\" content=\"https:\/\/www.facebook.com\/barahonda\/\" \/>\n<meta property=\"article:modified_time\" content=\"2025-05-26T12:00:32+00:00\" \/>\n<meta property=\"og:image\" content=\"https:\/\/barahonda.com\/wp-content\/uploads\/2025\/03\/familia-barahonda-centenario.jpg\" \/>\n\t<meta property=\"og:image:width\" content=\"1920\" \/>\n\t<meta property=\"og:image:height\" content=\"1200\" \/>\n\t<meta property=\"og:image:type\" content=\"image\/jpeg\" \/>\n<meta name=\"twitter:card\" content=\"summary_large_image\" \/>\n<meta name=\"twitter:site\" content=\"@barahondayecla\" \/>\n<script type=\"application\/ld+json\" class=\"yoast-schema-graph\">{\"@context\":\"https:\/\/schema.org\",\"@graph\":[{\"@type\":\"WebPage\",\"@id\":\"https:\/\/barahonda.com\/centenario-barahonda\/galeria-centenario\/\",\"url\":\"https:\/\/barahonda.com\/centenario-barahonda\/galeria-centenario\/\",\"name\":\"Galer\u00eda Centenario &#8212; Barahonda\",\"isPartOf\":{\"@id\":\"https:\/\/barahonda.com\/#website\"},\"datePublished\":\"2025-05-26T11:55:44+00:00\",\"dateModified\":\"2025-05-26T12:00:32+00:00\",\"description\":\"We capture in images the pure emotion of a centenarian who always looks forward. Anecdotes, hugs, shared moments, toasts, and virtual reality experiences.\",\"breadcrumb\":{\"@id\":\"https:\/\/barahonda.com\/centenario-barahonda\/galeria-centenario\/#breadcrumb\"},\"inLanguage\":\"en-US\",\"potentialAction\":[{\"@type\":\"ReadAction\",\"target\":[\"https:\/\/barahonda.com\/centenario-barahonda\/galeria-centenario\/\"]}]},{\"@type\":\"BreadcrumbList\",\"@id\":\"https:\/\/barahonda.com\/centenario-barahonda\/galeria-centenario\/#breadcrumb\",\"itemListElement\":[{\"@type\":\"ListItem\",\"position\":1,\"name\":\"Portada\",\"item\":\"https:\/\/barahonda.com\/\"},{\"@type\":\"ListItem\",\"position\":2,\"name\":\"Centenary Barahonda\",\"item\":\"https:\/\/barahonda.com\/centenario-barahonda\/\"},{\"@type\":\"ListItem\",\"position\":3,\"name\":\"Galer\u00eda Centenario\"}]},{\"@type\":\"WebSite\",\"@id\":\"https:\/\/barahonda.com\/#website\",\"url\":\"https:\/\/barahonda.com\/\",\"name\":\"Barahonda\",\"description\":\"Bodegas Barahonda elaboraci\u00f3n de vinos en Yecla\",\"publisher\":{\"@id\":\"https:\/\/barahonda.com\/#organization\"},\"alternateName\":\"Barahonda\",\"potentialAction\":[{\"@type\":\"SearchAction\",\"target\":{\"@type\":\"EntryPoint\",\"urlTemplate\":\"https:\/\/barahonda.com\/?s={search_term_string}\"},\"query-input\":{\"@type\":\"PropertyValueSpecification\",\"valueRequired\":true,\"valueName\":\"search_term_string\"}}],\"inLanguage\":\"en-US\"},{\"@type\":\"Organization\",\"@id\":\"https:\/\/barahonda.com\/#organization\",\"name\":\"Se\u00f1or\u00edo de Barahonda\",\"alternateName\":\"Barahonda\",\"url\":\"https:\/\/barahonda.com\/\",\"logo\":{\"@type\":\"ImageObject\",\"inLanguage\":\"en-US\",\"@id\":\"https:\/\/barahonda.com\/#\/schema\/logo\/image\/\",\"url\":\"https:\/\/barahonda.com\/wp-content\/uploads\/2021\/07\/logo-barahonda.svg\",\"contentUrl\":\"https:\/\/barahonda.com\/wp-content\/uploads\/2021\/07\/logo-barahonda.svg\",\"width\":216,\"height\":138,\"caption\":\"Se\u00f1or\u00edo de Barahonda\"},\"image\":{\"@id\":\"https:\/\/barahonda.com\/#\/schema\/logo\/image\/\"},\"sameAs\":[\"https:\/\/www.facebook.com\/barahonda\/\",\"https:\/\/x.com\/barahondayecla\",\"https:\/\/www.instagram.com\/barahonda_es\/\",\"https:\/\/open.spotify.com\/user\/barahonda\",\"https:\/\/www.tripadvisor.es\/Restaurant_Review-g1047900-d1748479-Reviews-Barahonda-Yecla.html\",\"https:\/\/www.linkedin.com\/company\/barahonda\/\",\"https:\/\/www.youtube.com\/user\/bodegasbarahonda\"]}]}<\/script>\n<!-- \/ Yoast SEO plugin. -->","yoast_head_json":{"title":"Galer\u00eda Centenario &#8212; Barahonda","description":"We capture in images the pure emotion of a centenarian who always looks forward. Anecdotes, hugs, shared moments, toasts, and virtual reality experiences.","robots":{"index":"index","follow":"follow","max-snippet":"max-snippet:-1","max-image-preview":"max-image-preview:large","max-video-preview":"max-video-preview:-1"},"canonical":"https:\/\/barahonda.com\/centenario-barahonda\/galeria-centenario\/","og_locale":"en_US","og_type":"article","og_title":"Galer\u00eda Centenario &#8212; Barahonda","og_description":"We capture in images the pure emotion of a centenarian who always looks forward. Anecdotes, hugs, shared moments, toasts, and virtual reality experiences.","og_url":"https:\/\/barahonda.com\/centenario-barahonda\/galeria-centenario\/","og_site_name":"Barahonda","article_publisher":"https:\/\/www.facebook.com\/barahonda\/","article_modified_time":"2025-05-26T12:00:32+00:00","og_image":[{"width":1920,"height":1200,"url":"https:\/\/barahonda.com\/wp-content\/uploads\/2025\/03\/familia-barahonda-centenario.jpg","type":"image\/jpeg"}],"twitter_card":"summary_large_image","twitter_site":"@barahondayecla","schema":{"@context":"https:\/\/schema.org","@graph":[{"@type":"WebPage","@id":"https:\/\/barahonda.com\/centenario-barahonda\/galeria-centenario\/","url":"https:\/\/barahonda.com\/centenario-barahonda\/galeria-centenario\/","name":"Galer\u00eda Centenario &#8212; Barahonda","isPartOf":{"@id":"https:\/\/barahonda.com\/#website"},"datePublished":"2025-05-26T11:55:44+00:00","dateModified":"2025-05-26T12:00:32+00:00","description":"We capture in images the pure emotion of a centenarian who always looks forward. Anecdotes, hugs, shared moments, toasts, and virtual reality experiences.","breadcrumb":{"@id":"https:\/\/barahonda.com\/centenario-barahonda\/galeria-centenario\/#breadcrumb"},"inLanguage":"en-US","potentialAction":[{"@type":"ReadAction","target":["https:\/\/barahonda.com\/centenario-barahonda\/galeria-centenario\/"]}]},{"@type":"BreadcrumbList","@id":"https:\/\/barahonda.com\/centenario-barahonda\/galeria-centenario\/#breadcrumb","itemListElement":[{"@type":"ListItem","position":1,"name":"Portada","item":"https:\/\/barahonda.com\/"},{"@type":"ListItem","position":2,"name":"Centenary Barahonda","item":"https:\/\/barahonda.com\/centenario-barahonda\/"},{"@type":"ListItem","position":3,"name":"Galer\u00eda Centenario"}]},{"@type":"WebSite","@id":"https:\/\/barahonda.com\/#website","url":"https:\/\/barahonda.com\/","name":"Barahonda","description":"Bodegas Barahonda elaboraci\u00f3n de vinos en Yecla","publisher":{"@id":"https:\/\/barahonda.com\/#organization"},"alternateName":"Barahonda","potentialAction":[{"@type":"SearchAction","target":{"@type":"EntryPoint","urlTemplate":"https:\/\/barahonda.com\/?s={search_term_string}"},"query-input":{"@type":"PropertyValueSpecification","valueRequired":true,"valueName":"search_term_string"}}],"inLanguage":"en-US"},{"@type":"Organization","@id":"https:\/\/barahonda.com\/#organization","name":"Se\u00f1or\u00edo de Barahonda","alternateName":"Barahonda","url":"https:\/\/barahonda.com\/","logo":{"@type":"ImageObject","inLanguage":"en-US","@id":"https:\/\/barahonda.com\/#\/schema\/logo\/image\/","url":"https:\/\/barahonda.com\/wp-content\/uploads\/2021\/07\/logo-barahonda.svg","contentUrl":"https:\/\/barahonda.com\/wp-content\/uploads\/2021\/07\/logo-barahonda.svg","width":216,"height":138,"caption":"Se\u00f1or\u00edo de Barahonda"},"image":{"@id":"https:\/\/barahonda.com\/#\/schema\/logo\/image\/"},"sameAs":["https:\/\/www.facebook.com\/barahonda\/","https:\/\/x.com\/barahondayecla","https:\/\/www.instagram.com\/barahonda_es\/","https:\/\/open.spotify.com\/user\/barahonda","https:\/\/www.tripadvisor.es\/Restaurant_Review-g1047900-d1748479-Reviews-Barahonda-Yecla.html","https:\/\/www.linkedin.com\/company\/barahonda\/","https:\/\/www.youtube.com\/user\/bodegasbarahonda"]}]}},"_links":{"self":[{"href":"https:\/\/barahonda.com\/en\/wp-json\/wp\/v2\/pages\/32447","targetHints":{"allow":["GET"]}}],"collection":[{"href":"https:\/\/barahonda.com\/en\/wp-json\/wp\/v2\/pages"}],"about":[{"href":"https:\/\/barahonda.com\/en\/wp-json\/wp\/v2\/types\/page"}],"author":[{"embeddable":true,"href":"https:\/\/barahonda.com\/en\/wp-json\/wp\/v2\/users\/1"}],"replies":[{"embeddable":true,"href":"https:\/\/barahonda.com\/en\/wp-json\/wp\/v2\/comments?post=32447"}],"version-history":[{"count":1,"href":"https:\/\/barahonda.com\/en\/wp-json\/wp\/v2\/pages\/32447\/revisions"}],"predecessor-version":[{"id":32449,"href":"https:\/\/barahonda.com\/en\/wp-json\/wp\/v2\/pages\/32447\/revisions\/32449"}],"up":[{"embeddable":true,"href":"https:\/\/barahonda.com\/en\/wp-json\/wp\/v2\/pages\/32111"}],"wp:attachment":[{"href":"https:\/\/barahonda.com\/en\/wp-json\/wp\/v2\/media?parent=32447"}],"curies":[{"name":"wp","href":"https:\/\/api.w.org\/{rel}","templated":true}]}}